{"id":128,"date":"2016-07-08T12:21:46","date_gmt":"2016-07-08T10:21:46","guid":{"rendered":"http:\/\/mahbereseb-wuerzburg.de\/?page_id=128"},"modified":"2023-12-15T23:05:23","modified_gmt":"2023-12-15T22:05:23","slug":"ueber-eritrea","status":"publish","type":"page","link":"http:\/\/mahbereseb-wuerzburg.de\/index.php\/ueber-eritrea\/","title":{"rendered":"\u00dcber Eritrea &#8211; \u1265\u12db\u12d5\u1263 \u12a4\u122a\u1275\u122b"},"content":{"rendered":"<h1 style=\"text-align: center;\"><span style=\"color: #0000ff;\">Eritrea &#8211;\u00a0\u12a4\u122a\u1275\u122b<\/span><\/h1>\n<p><img decoding=\"async\" loading=\"lazy\" class=\"aligncenter wp-image-616\" src=\"http:\/\/mahbereseb-wuerzburg.de\/wp-content\/uploads\/2016\/07\/EritreaMap.png\" alt=\"EritreaMap\" width=\"439\" height=\"359\" srcset=\"http:\/\/mahbereseb-wuerzburg.de\/wp-content\/uploads\/2016\/07\/EritreaMap.png 952w, http:\/\/mahbereseb-wuerzburg.de\/wp-content\/uploads\/2016\/07\/EritreaMap-300x245.png 300w, http:\/\/mahbereseb-wuerzburg.de\/wp-content\/uploads\/2016\/07\/EritreaMap-768x628.png 768w\" sizes=\"(max-width: 439px) 100vw, 439px\" \/><\/p>\n<p><span style=\"color: #0000ff;\"><img decoding=\"async\" loading=\"lazy\" class=\"aligncenter\" src=\"http:\/\/i.infopls.com\/images\/meritrea.gif\" width=\"536\" height=\"441\" \/><\/span><\/p>\n<p><span style=\"color: #0000ff;\"><img decoding=\"async\" loading=\"lazy\" class=\"aligncenter\" title=\"Flagge von Eritrea (c) Open ClipArt CC0\" src=\"http:\/\/www.afrika-junior.de\/public\/images\/laender\/fotos_laender\/Eritrea\/Flag_of_Eritrea._OpenClipArtCC0svg.png\" alt=\"Flagge von Eritrea (c) Open ClipArt CC0\" width=\"75\" height=\"38\" border=\"0\" \/><\/span><\/p>\n<p><span style=\"color: #0000ff;\"><strong>Lage:<\/strong> Eritrea liegt\u00a0im Nordosten Afrikas und grenzt im Nordwesten an den <a style=\"color: #0000ff;\" title=\"Sudan\" href=\"https:\/\/de.wikipedia.org\/wiki\/Sudan\">Sudan<\/a>, im S\u00fcden an <a style=\"color: #0000ff;\" title=\"\u00c4thiopien\" href=\"https:\/\/de.wikipedia.org\/wiki\/%C3%84thiopien\">\u00c4thiopien<\/a>, im S\u00fcdosten an <a style=\"color: #0000ff;\" title=\"Dschibuti\" href=\"https:\/\/de.wikipedia.org\/wiki\/Dschibuti\">Dschibuti<\/a> und im Nordosten an das <a style=\"color: #0000ff;\" title=\"Rotes Meer\" href=\"https:\/\/de.wikipedia.org\/wiki\/Rotes_Meer\">Rote Meer. (<\/a><a style=\"color: #0000ff;\" href=\"https:\/\/de.wikipedia.org\/wiki\/Eritrea\">https:\/\/de.wikipedia.org\/wiki\/Eritrea<\/a><a style=\"color: #0000ff;\" title=\"Rotes Meer\" href=\"https:\/\/de.wikipedia.org\/wiki\/Rotes_Meer\"> )\u00a0<\/a><\/span><\/p>\n<p><span style=\"color: #0000ff;\"><strong>Fl\u00e4che und Bev\u00f6lkerung<\/strong>: auf einer Fl\u00e4che von 121.100 km\u00b2, etwa ein Drittel so gro\u00df wie Deutschland, leben \u00fcber 6 Millionen Menschen ( <a style=\"color: #0000ff;\" href=\"https:\/\/de.wikipedia.org\/wiki\/Eritrea\">https:\/\/de.wikipedia.org\/wiki\/Eritrea<\/a> ) .<\/span><\/p>\n<h1 style=\"text-align: center;\"><span style=\"color: #0000ff;\"><strong>Asmara &#8211; Hauptstadt Eritreas &#8211;\u00a0\u12a3\u1235\u1218\u122b &#8211;\u00a0\u12cb\u1293 \u12a8\u1270\u121b \u1293\u12ed \u12a4\u122a\u1275\u122b<\/strong><\/span><\/h1>\n<p style=\"text-align: center;\"><span style=\"color: #0000ff;\">mit etwa 665.000 Einwohnern ist <a style=\"color: #0000ff;\" href=\"https:\/\/de.wikipedia.org\/wiki\/Asmara\">Asmara<\/a>\u00a0die gr\u00f6\u00dfte Stadt Eritreas.<\/span><\/p>\n<p><span style=\"color: #0000ff;\"><img decoding=\"async\" loading=\"lazy\" class=\"aligncenter\" src=\"http:\/\/www.asmera.nl\/asmara1928.jpg\" width=\"513\" height=\"359\" \/><\/span><\/p>\n<p><span style=\"color: #0000ff;\"><strong>Weitere gro\u00dfe St\u00e4dten:<\/strong> in Eritrea sind\u00a0 <a style=\"color: #0000ff;\" href=\"https:\/\/de.wikipedia.org\/wiki\/Keren\">Keren<\/a>\u00a076.712 Einwohner,\u00a0<a style=\"color: #0000ff;\" title=\"Massaua\" href=\"https:\/\/de.wikipedia.org\/wiki\/Massaua\">Massawa<\/a>\u00a047.799 Einwohner,\u00a0<a style=\"color: #0000ff;\" href=\"https:\/\/de.wikipedia.org\/wiki\/Dekemhare\">Dekemhare<\/a> 32.000 Einwohner, <a style=\"color: #0000ff;\" title=\"Mendefera\" href=\"https:\/\/de.wikipedia.org\/wiki\/Mendefera\">Mendefera<\/a>\u00a030.000 Einwohner,\u00a0<a style=\"color: #0000ff;\" title=\"Assab\" href=\"https:\/\/de.wikipedia.org\/wiki\/Assab\">Assab<\/a>\u00a021.300 Einwohner\u00a0und\u00a0<a style=\"color: #0000ff;\" title=\"Barentu\" href=\"https:\/\/de.wikipedia.org\/wiki\/Barentu\">Barent<\/a>u\u00a021.000 Einwohner.<\/span><\/p>\n<p id=\"firstHeading\" class=\"firstHeading\" lang=\"de\"><span style=\"color: #0000ff;\"><b><strong>Staats- und Regierungschef<\/strong>: <\/b>President\u00a0Iseyas Afewerki:<\/span><\/p>\n<p class=\"firstHeading\" lang=\"de\"><img decoding=\"async\" loading=\"lazy\" class=\"alignnone wp-image-246\" src=\"http:\/\/mahbereseb-wuerzburg.de\/wp-content\/uploads\/2016\/07\/pia_08_2009-300x223.jpg\" alt=\"pia_08_2009\" width=\"165\" height=\"123\" srcset=\"http:\/\/mahbereseb-wuerzburg.de\/wp-content\/uploads\/2016\/07\/pia_08_2009-300x223.jpg 300w, http:\/\/mahbereseb-wuerzburg.de\/wp-content\/uploads\/2016\/07\/pia_08_2009.jpg 310w\" sizes=\"(max-width: 165px) 100vw, 165px\" \/><\/p>\n<p class=\"firstHeading\" lang=\"de\"><span style=\"color: #0000ff;\"><strong>Geboren<\/strong>: 02.02.1946 in Asmara, Eritrea.<\/span><br \/>\n<span style=\"color: #0000ff;\"><strong>Religion:<\/strong> Christlich Orthodox.<\/span><br \/>\n<span style=\"color: #0000ff;\"><strong>Ehefrau:<\/strong> Saba Haile.<\/span><br \/>\n<span style=\"color: #0000ff;\"><strong>Kinder:<\/strong> Abraham, Berhane und Elsa.<\/span><br \/>\n<span style=\"color: #0000ff;\"><strong>Studium:<\/strong> 1965 studierte er ein Jahr Ingenieurwissenschaften an der Haile Selassie\u00a0Universit\u00e4t in Addis Ababa.<\/span><br \/>\n<span style=\"color: #0000ff;\"><strong>Befreiungsfront:<\/strong> -beteiligte sich 1966 an der ELF (Eritreische Befreiungsfront oder Eritrean Liberation Front)<\/span><br \/>\n<span style=\"color: #0000ff;\"> -1970 EPLF (Eritreische Volksbefreiungsfront oder Eritrean Poeple&#8217;s Liberation Front)<\/span><br \/>\n<span style=\"color: #0000ff;\"><strong>Staats- und Regierungschef:<\/strong> seit der Unabh\u00e4ngigkeitserkl\u00e4rung 1993.<\/span><\/p>\n<p><span style=\"color: #0000ff;\"><strong>Volksgruppen:<\/strong> es gibt neun\u00a0ethnische Gruppen und jede Gruppe verf\u00fcgt \u00fcber eigene Sprache:\u00a0<a style=\"color: #0000ff;\" href=\"https:\/\/de.wikipedia.org\/wiki\/Tigrinya_(Sprache)\">Tigrinya<\/a>, <a style=\"color: #0000ff;\" title=\"Tigre (Sprache)\" href=\"https:\/\/de.wikipedia.org\/wiki\/Tigre_(Sprache)\">Tigre<\/a>, <a style=\"color: #0000ff;\" title=\"Afar (Sprache)\" href=\"https:\/\/de.wikipedia.org\/wiki\/Afar_(Sprache)\">Afar<\/a>, <a style=\"color: #0000ff;\" title=\"Saho (Sprache)\" href=\"https:\/\/de.wikipedia.org\/wiki\/Saho_(Sprache)\">Saho<\/a>, <a style=\"color: #0000ff;\" title=\"Kunama (Sprache)\" href=\"https:\/\/de.wikipedia.org\/wiki\/Kunama_(Sprache)\">Kunama<\/a>, <a style=\"color: #0000ff;\" title=\"Bedscha (Sprache)\" href=\"https:\/\/de.wikipedia.org\/wiki\/Bedscha_(Sprache)\">Bedscha<\/a>, <a style=\"color: #0000ff;\" title=\"Blin (Sprache)\" href=\"https:\/\/de.wikipedia.org\/wiki\/Blin_(Sprache)\">Blin<\/a>, <a style=\"color: #0000ff;\" title=\"Nara (Sprache)\" href=\"https:\/\/de.wikipedia.org\/wiki\/Nara_(Sprache)\">Nara<\/a>\u00a0und Arabisch, das\u00a0<a style=\"color: #0000ff;\" title=\"Rashaida\" href=\"https:\/\/de.wikipedia.org\/wiki\/Rashaida\">Rashaida<\/a>\u00a0als Muttersprache gesprochen wird.<\/span><span style=\"color: #0000ff;\"><br \/>\n<a style=\"color: #0000ff;\" href=\"http:\/\/mahbereseb-wuerzburg.de\/wp-content\/uploads\/2016\/07\/VolksgruppenEritrea-1.bmp\"><img decoding=\"async\" loading=\"lazy\" class=\"wp-image-130 aligncenter\" src=\"http:\/\/mahbereseb-wuerzburg.de\/wp-content\/uploads\/2016\/07\/VolksgruppenEritrea-1.bmp\" alt=\"VolksgruppenEritrea\" width=\"647\" height=\"247\" \/><\/a><img decoding=\"async\" src=\"file:\/\/ad.garmin.com\/wuerzburg\/Homedir\/mehari\/My%20Pictures\/VolksgruppenEritrea.bmp\" \/><\/span><\/p>\n<p><span style=\"color: #0000ff;\"><strong>Amtssprachen<\/strong>: Tigrinya\u00a0 und Arabisch.<\/span><\/p>\n<p><span style=\"color: #0000ff;\"><strong>Der Dalak-Archipel:<\/strong>\u00a0eine Inselgruppe Eritreas mit 126 Inseln liegt\u00a0vor der K\u00fcste im Roten Meer.(\u00a0<a style=\"color: #0000ff;\" href=\"https:\/\/de.wikipedia.org\/wiki\/Dahlak-Archipel\">https:\/\/de.wikipedia.org\/wiki\/Dahlak-Archipel<\/a>\u00a0)<\/span><\/p>\n<p><span style=\"color: #0000ff;\"><strong>Religion<\/strong>:\u00a0Die Bev\u00f6lkerung Eritreas teilt sich offiziell zu 50%\u00a0\u00a0<a style=\"color: #0000ff;\" title=\"Muslim\" href=\"https:\/\/de.wikipedia.org\/wiki\/Muslim\">Muslime<\/a> (<a style=\"color: #0000ff;\" title=\"Sunniten\" href=\"https:\/\/de.wikipedia.org\/wiki\/Sunniten\">Sunniten<\/a>) und 50%\u00a0<a style=\"color: #0000ff;\" title=\"Christentum in Eritrea\" href=\"https:\/\/de.wikipedia.org\/wiki\/Christentum_in_Eritrea\">Christen<\/a>\u00a0(<a style=\"color: #0000ff;\" title=\"Eritreisch-Orthodoxe Tewahedo-Kirche\" href=\"https:\/\/de.wikipedia.org\/wiki\/Eritreisch-Orthodoxe_Tewahedo-Kirche\">Orthodoxe<\/a>,\u00a0<a style=\"color: #0000ff;\" title=\"Protestantismus\" href=\"https:\/\/de.wikipedia.org\/wiki\/Protestantismus\">Protestanten<\/a>, <a style=\"color: #0000ff;\" title=\"R\u00f6misch-katholische Kirche\" href=\"https:\/\/de.wikipedia.org\/wiki\/R%C3%B6misch-katholische_Kirche\">Katholiken<\/a>).<\/span><\/p>\n<p><span style=\"color: #0000ff;\"><strong>Geschichte:<\/strong><\/span><\/p>\n<p><span style=\"color: #0000ff;\">Eritreische Flaggen:<\/span><\/p>\n<p><span style=\"color: #0000ff;\">Ab 1952 ELF Flagge:<\/span><\/p>\n<p><img decoding=\"async\" loading=\"lazy\" class=\"alignnone wp-image-485\" src=\"http:\/\/mahbereseb-wuerzburg.de\/wp-content\/uploads\/2016\/07\/EritreaFlag1952-300x200.jpg\" alt=\"EritreaFlag1952\" width=\"176\" height=\"117\" srcset=\"http:\/\/mahbereseb-wuerzburg.de\/wp-content\/uploads\/2016\/07\/EritreaFlag1952-300x200.jpg 300w, http:\/\/mahbereseb-wuerzburg.de\/wp-content\/uploads\/2016\/07\/EritreaFlag1952.jpg 400w\" sizes=\"(max-width: 176px) 100vw, 176px\" \/><\/p>\n<p><span style=\"color: #0000ff;\">EPLF (Eritrean People Liberation Front) Flagge ab 1977:<\/span><\/p>\n<p><img decoding=\"async\" loading=\"lazy\" class=\"alignnone wp-image-488\" src=\"http:\/\/mahbereseb-wuerzburg.de\/wp-content\/uploads\/2016\/07\/EPLF-Flag1977-300x200.jpg\" alt=\"EPLF-Flag1977\" width=\"177\" height=\"118\" srcset=\"http:\/\/mahbereseb-wuerzburg.de\/wp-content\/uploads\/2016\/07\/EPLF-Flag1977-300x200.jpg 300w, http:\/\/mahbereseb-wuerzburg.de\/wp-content\/uploads\/2016\/07\/EPLF-Flag1977.jpg 400w\" sizes=\"(max-width: 177px) 100vw, 177px\" \/><\/p>\n<p><span style=\"color: #0000ff;\">Offizielle eritreische Flagge 1993-1995:<\/span><\/p>\n<p><img decoding=\"async\" loading=\"lazy\" class=\"alignnone wp-image-486\" src=\"http:\/\/mahbereseb-wuerzburg.de\/wp-content\/uploads\/2016\/07\/EritreaFlag1993-1995-300x200.jpg\" alt=\"EritreaFlag1993-1995\" width=\"179\" height=\"119\" srcset=\"http:\/\/mahbereseb-wuerzburg.de\/wp-content\/uploads\/2016\/07\/EritreaFlag1993-1995-300x200.jpg 300w, http:\/\/mahbereseb-wuerzburg.de\/wp-content\/uploads\/2016\/07\/EritreaFlag1993-1995.jpg 400w\" sizes=\"(max-width: 179px) 100vw, 179px\" \/><\/p>\n<p><span style=\"color: #0000ff;\">Ab 1995:<\/span><\/p>\n<p><img decoding=\"async\" loading=\"lazy\" class=\"alignnone wp-image-487\" src=\"http:\/\/mahbereseb-wuerzburg.de\/wp-content\/uploads\/2016\/07\/Eritrea-Flag1995_leavesChangedto30-300x150.jpg\" alt=\"Eritrea-Flag1995_leavesChangedto30\" width=\"182\" height=\"91\" srcset=\"http:\/\/mahbereseb-wuerzburg.de\/wp-content\/uploads\/2016\/07\/Eritrea-Flag1995_leavesChangedto30-300x150.jpg 300w, http:\/\/mahbereseb-wuerzburg.de\/wp-content\/uploads\/2016\/07\/Eritrea-Flag1995_leavesChangedto30.jpg 400w\" sizes=\"(max-width: 182px) 100vw, 182px\" \/><\/p>\n<p><span style=\"color: #0000ff;\">&#8211;Kolonie des Osmanischen Imperiums(T\u00fcrkei) ab 1554 mehr als 300 Jahre.<\/span><br \/>\n<span style=\"color: #0000ff;\">&#8211;Italienische Kolonie 1890 bis 1941.<\/span><br \/>\n<span style=\"color: #0000ff;\">&#8211;Britische Kolonie 1941 bis 1952.<\/span><br \/>\n<span style=\"color: #0000ff;\">&#8211;\u00c4thiopische Kolonie 1952 bis 1991.<\/span><\/p>\n<p><span style=\"color: #0000ff;\">&#8211;Drei\u00dfig Jahre Unabh\u00e4ngigkeitskrieg: 1961 bis 1991.<\/span><br \/>\n<span style=\"color: #0000ff;\">&#8211;Sieg der Eritreischen Volksbefreiungsfront (EPLF) 1991.<\/span><br \/>\n<span style=\"color: #0000ff;\">&#8211;Volksabstimmung am 24. Mai 1993, bei der 99.83% der Teilnehmer f\u00fcr die Unabh\u00e4ngigkeit Eritreas stimmten.<\/span><\/p>\n<p><span style=\"color: #0000ff;\">&#8211;Grenzkrieg zwischen Eritrea und \u00c4thiopien 1998 bis 2000.<\/span><br \/>\n<span style=\"color: #0000ff;\">&#8211;Grenzkonflikt-Abkommen: 2000 Eritrea und \u00c4thiopien unterzeichneten das Abkommen in dem sie sich beide bereit erkl\u00e4rten, die Entscheidung der EEBC-Grenzkomission \u00fcber die Grenzlinie anhand der Kolonialvertr\u00e4ge als \u201eendg\u00fcltig und bindend\u201c zu akzeptieren.<\/span><br \/>\n<span style=\"color: #0000ff;\">&#8211;EEBC-Grenzkomission Entscheidung: 2002 wurde das umstrittene \u00a0 Gebiet um die Stadt Badme Eritrea zugesprochen.<\/span><br \/>\n<span style=\"color: #0000ff;\">&#8211;\u00c4thiopien weigert bis zum heutigen Tag (2016) die Entscheidung der EEBC-Grenzkomission zu akzeptieren und verlangt eine Korrektur des Schiedsspruchs.<\/span><\/p>\n<h1><span style=\"color: #0000ff;\">\u00a0<\/span><\/h1>\n<p><span style=\"color: #0000ff;\"><strong>Weitere Infos &amp; Links:<\/strong><\/span><\/p>\n<p><span style=\"color: #0000ff;\">Geschichte Eritreas (\u1273\u122a\u12bd \u12a4\u122d\u1275\u122b): <a style=\"color: #0000ff;\" href=\"https:\/\/www.ucl.ac.uk\/atlas\/tigrinya\/eritrea_history.html\">https:\/\/www.ucl.ac.uk\/atlas\/tigrinya\/eritrea_history.html<\/a><\/span><\/p>\n<p><span style=\"color: #0000ff;\">Deutsche Botschaft in Asmara:\u00a0<a style=\"color: #0000ff;\" href=\"http:\/\/www.asmara.diplo.de\/\">http:\/\/www.asmara.diplo.de\/<\/a><\/span><\/p>\n<p><span style=\"color: #0000ff;\">Eritreische Botschaft in Berlin:\u00a0<a style=\"color: #0000ff;\" href=\"http:\/\/botschaft-eritrea.de\/\">http:\/\/botschaft-eritrea.de\/<\/a><\/span><\/p>\n","protected":false},"excerpt":{"rendered":"<p>Eritrea &#8211;\u00a0\u12a4\u122a\u1275\u122b Lage: Eritrea liegt\u00a0im Nordosten Afrikas und grenzt im Nordwesten an den Sudan, im S\u00fcden an \u00c4thiopien, im S\u00fcdosten an Dschibuti und im Nordosten an das Rote Meer. (https:\/\/de.wikipedia.org\/wiki\/Eritrea )\u00a0 Fl\u00e4che und Bev\u00f6lkerung: auf einer Fl\u00e4che von 121.100 km\u00b2, etwa ein Drittel so gro\u00df wie Deutschland, leben \u00fcber 6 Millionen Menschen ( https:\/\/de.wikipedia.org\/wiki\/Eritrea ) &hellip; <a href=\"http:\/\/mahbereseb-wuerzburg.de\/index.php\/ueber-eritrea\/\" class=\"more-link\">Continue reading <span class=\"screen-reader-text\">\u00dcber Eritrea &#8211; \u1265\u12db\u12d5\u1263 \u12a4\u122a\u1275\u122b<\/span> <span class=\"meta-nav\">&rarr;<\/span><\/a><\/p>\n","protected":false},"author":1,"featured_media":0,"parent":0,"menu_order":15,"comment_status":"closed","ping_status":"closed","template":"","meta":[],"_links":{"self":[{"href":"http:\/\/mahbereseb-wuerzburg.de\/index.php\/wp-json\/wp\/v2\/pages\/128"}],"collection":[{"href":"http:\/\/mahbereseb-wuerzburg.de\/index.php\/wp-json\/wp\/v2\/pages"}],"about":[{"href":"http:\/\/mahbereseb-wuerzburg.de\/index.php\/wp-json\/wp\/v2\/types\/page"}],"author":[{"embeddable":true,"href":"http:\/\/mahbereseb-wuerzburg.de\/index.php\/wp-json\/wp\/v2\/users\/1"}],"replies":[{"embeddable":true,"href":"http:\/\/mahbereseb-wuerzburg.de\/index.php\/wp-json\/wp\/v2\/comments?post=128"}],"version-history":[{"count":25,"href":"http:\/\/mahbereseb-wuerzburg.de\/index.php\/wp-json\/wp\/v2\/pages\/128\/revisions"}],"predecessor-version":[{"id":764,"href":"http:\/\/mahbereseb-wuerzburg.de\/index.php\/wp-json\/wp\/v2\/pages\/128\/revisions\/764"}],"wp:attachment":[{"href":"http:\/\/mahbereseb-wuerzburg.de\/index.php\/wp-json\/wp\/v2\/media?parent=128"}],"curies":[{"name":"wp","href":"https:\/\/api.w.org\/{rel}","templated":true}]}}