{"id":132,"date":"2016-07-08T12:33:14","date_gmt":"2016-07-08T10:33:14","guid":{"rendered":"http:\/\/mahbereseb-wuerzburg.de\/?page_id=132"},"modified":"2019-07-28T21:30:57","modified_gmt":"2019-07-28T19:30:57","slug":"grundungsprotokoll","status":"publish","type":"page","link":"http:\/\/mahbereseb-wuerzburg.de\/index.php\/grundungsprotokoll\/","title":{"rendered":"Gr\u00fcndungprotokoll &#8211;  \u121d\u121d\u1235\u122b\u1275 \u121b\u1215\u1260\u122d \u133d\u1211\u134d"},"content":{"rendered":"<p><span style=\"color: #0000ff;\"><strong>Protokoll der Gr\u00fcndungsversammlung des Vereins<\/strong><\/span><br \/>\n<span style=\"color: #0000ff;\"> <strong>\u201eEritreischer Verein in W\u00fcrzburg und Umgebung <b><span style=\"font-family: Arial; font-size: medium;\">e.V.<\/span><\/b>\u201c<\/strong><\/span><\/p>\n<p><span style=\"color: #0000ff;\">Am 12.03.2016 fanden sich die in der Mitgliederliste aufgef\u00fchrten 35 Personen ein, um \u00fcber die Gr\u00fcndung des Vereins \u201eEritreischer Verein in W\u00fcrzburg und Umgebung <span style=\"font-family: Arial; font-size: medium;\">e.V<\/span><strong><b><span style=\"font-family: Arial; font-size: medium;\">.<\/span><\/b><\/strong>\u201c zu beschlie\u00dfen. Von den aufgef\u00fchrten Personen besitzen alle das Stimmrecht.<\/span><br \/>\n<span style=\"color: #0000ff;\"> Herr Aklilu Mehari er\u00f6ffnete die Versammlung. Er begr\u00fc\u00dfte die erschienenen und erl\u00e4uterte den Zweck der Sitzung. Herr Aklilu Mehari erkl\u00e4rte sich bereit, die Versammlungsleitung zu \u00fcbernehmen und bat Herrn Habtom Tesfamikal das Protokoll zu f\u00fchren. Der Versammlungsleiter schlug folgende Tagesordnung vor:<\/span><\/p>\n<p><span style=\"color: #0000ff;\">1. Erl\u00e4uterung der Satzung und Abstimmung dar\u00fcber<\/span><br \/>\n<span style=\"color: #0000ff;\"> 2. Wahl einer Wahlleitung<\/span><br \/>\n<span style=\"color: #0000ff;\"> 3. Wahl der Vorstandsfunktionen und der Kassenpr\u00fcfer<\/span><\/p>\n<p><span style=\"color: #0000ff;\">1.<\/span><br \/>\n<span style=\"color: #0000ff;\"> Durch den Versammlungsleiter wurde die Satzung, die den Anwesenden im Entwurf bereits bekannt war, erl\u00e4utert. \u00c4nderungs- und Erg\u00e4nzungsvorschl\u00e4ge der Versammlungsteilnehmer wurden eingearbeitet. Die Endfassung der Satzung, die wesentlicher Bestandteil dieses Protokolls ist, wurde einstimmig beschlossen.<\/span><br \/>\n<span style=\"color: #0000ff;\"> Es wird festgestellt, dass der Verein \u201cEritreischer Verein in W\u00fcrzburg und Umgebung\u201c gegr\u00fcndet wurde.<\/span><\/p>\n<p><span style=\"color: #0000ff;\">2.<\/span><br \/>\n<span style=\"color: #0000ff;\"> Als Wahlleiter wurde Herr Yemane Medhane und als seine\/ihre beiden Beisitzer Herr Asefaw Zeremariam und Herr Misghina Kessete einstimmig best\u00e4tigt. Herr Yemane Medhane bat um Vorschl\u00e4ge f\u00fcr die einzelnen Vorstandsfunktionen. Die Vorgeschlagenen erkl\u00e4rten ihre Bereitschaft zur Wahl.<\/span><\/p>\n<p><span style=\"color: #0000ff;\">3.<\/span><br \/>\n<span style=\"color: #0000ff;\"> Vorstandswahl:<\/span><br \/>\n<span style=\"color: #0000ff;\"> Herr Solomon Hailu als Vorsitzender mit 20 Ja-Stimmen<\/span><br \/>\n<span style=\"color: #0000ff;\"> Frau Saba Sium als stellv. Vorsitzender mit 17 Ja-Stimmen<\/span><br \/>\n<span style=\"color: #0000ff;\"> Frau Elsa Beraki als Schatzmeister mit 29 Ja-Stimmen<\/span><br \/>\n<span style=\"color: #0000ff;\"> Herr Aklilu Mehari als Schriftf\u00fchrer mit 30 Ja-Stimmen<\/span><\/p>\n<p><span style=\"color: #0000ff;\">Wahl der Kassenpr\u00fcfer:<\/span><br \/>\n<span style=\"color: #0000ff;\"> Herr Efrem Amanuel als 1. Beisitzer mit 17 Ja-Stimmen<\/span><br \/>\n<span style=\"color: #0000ff;\"> Herr Elias Habtemichael Bahlbi als 2. Beisitzer mit 12 Ja-Stimmen<\/span><\/p>\n<p><span style=\"color: #0000ff;\">Die gew\u00e4hlten Vorstandsmitglieder nahmen die Wahl an.<\/span><br \/>\n<span style=\"color: #0000ff;\"> Der Vorsitzende Herr Solomon Hailu \u00fcbernahm die weitere Versammlungsleitung.<\/span><br \/>\n<span style=\"color: #0000ff;\"> Die Gr\u00fcndungsversammlung wurde um 13 Uhr begonnen und um 17 Uhr geschlossen.<\/span><br \/>\n<span style=\"color: #0000ff;\"> W\u00fcrzburg, 12.03.2016<\/span><\/p>\n<p><span style=\"color: #0000ff;\">\u00a0Habtom Tesfamikal \u00a0 \u00a0 \u00a0 \u00a0 \u00a0 \u00a0 \u00a0 \u00a0 \u00a0 \u00a0 \u00a0 \u00a0 \u00a0 \u00a0 \u00a0 \u00a0 \u00a0 \u00a0 \u00a0 \u00a0 \u00a0 \u00a0 \u00a0 \u00a0Aklilu Mehari<\/span><\/p>\n<p><span style=\"color: #0000ff;\">(Protokollf\u00fchrer) \u00a0\u00a0\u00a0\u00a0\u00a0\u00a0\u00a0\u00a0\u00a0\u00a0\u00a0\u00a0\u00a0\u00a0\u00a0\u00a0\u00a0\u00a0\u00a0\u00a0\u00a0\u00a0\u00a0\u00a0\u00a0\u00a0\u00a0\u00a0\u00a0\u00a0\u00a0\u00a0\u00a0\u00a0\u00a0\u00a0\u00a0\u00a0\u00a0\u00a0\u00a0\u00a0\u00a0\u00a0\u00a0\u00a0\u00a0\u00a0\u00a0\u00a0\u00a0\u00a0\u00a0 (Versammlungsleiter)<\/span><\/p>\n<p><span style=\"color: #0000ff;\"><strong>\u12dd\u1270\u1273\u1215\u12d8<\/strong> <strong>\u133d\u1211\u134d <\/strong><strong>(<\/strong><strong>\u1355\u122e\u1276\u12ae\u120d<\/strong><strong>) <\/strong><strong>\u12a3\u1265\u1272<\/strong> <strong>\u12dd\u1270\u1308\u1265\u1228<\/strong> <strong>\u12a3\u12bc\u1263<\/strong> <strong>\u1293\u12ed<\/strong> <strong>\u121d\u121d\u1235\u122b\u1275<\/strong> <strong>\u121b\u1215\u1260\u122d<\/strong><strong> \u201e<\/strong><strong>\u121b\u1215\u1260\u1228\u1230\u1265<\/strong> <strong>\u12a4\u122a\u1275\u122b\u12cd\u12eb\u1295<\/strong> <strong>\u1269\u122d\u1235\u1261\u122d\u130d\u1295<\/strong> <strong>\u12a8\u1263\u1262\u12a3\u1295\u201c<\/strong><\/span><\/p>\n<p><span style=\"color: #0000ff;\">\u1265\u12d5\u1208\u1275 12.03.2016 35 \u1230\u1263\u1275 \u12a3\u1265\u1272 \u1293\u12ed \u121b\u1215\u1260\u122d \u1293\u12ed \u12a3\u1263\u120b\u1275 \u120a\u1235\u1273 \u1270\u1218\u12dd\u130a\u1266\u121d \u12d8\u1208\u12c9 \u1265\u12db\u12d5\u1263 \u121d\u121d\u1235\u122b\u1275 \u121b\u1215\u1260\u1228\u1230\u1265 \u12a4\u122a\u1275\u122b\u12cd\u12eb\u1295 \u1269\u122d\u1235\u1261\u122d\u130d\u1295 \u12a8\u1263\u1262\u12a3\u1295 \u1295\u121d\u12cd\u1233\u1295 \u1273\u12a3\u12aa\u1266\u121d\u1365\u1365 \u12a5\u12de\u121d \u1230\u1263\u1275 \u12a9\u120e\u121d \u12f5\u121d\u133e\u121d \u1295\u12bd\u1205\u1261 \u1218\u1230\u120d \u12d8\u1208\u12ce\u121d \u12a5\u12ee\u121d\u1365\u1365<\/span><\/p>\n<p><span style=\"color: #0000ff;\">\u12a3\u1276 \u12a3\u12bd\u120a\u1209 \u1218\u1213\u122a \u1290\u1272 \u12a3\u12bc\u1263 \u12ed\u12b8\u134d\u1276\/\u12ed\u1305\u121d\u122e\u1365\u1365 \u12f5\u1215\u122a \u1293\u12ed \u1218\u12a5\u1270\u12ca \u12d8\u1228\u1263 \u1265\u12db\u12d5\u1263 \u12d5\u120b\u121b \u1293\u12ed\u1272 \u12a3\u12bc\u1263 \u1218\u130d\u1208\u133a \u1202\u1261\u1365\u1365 \u12a3\u1276 \u12a3\u12bd\u120a\u1209 \u12f5\u1215\u122a \u1290\u1272 \u12a3\u12bc\u1263 \u1295\u12bd\u1218\u122d\u1216 \u12f5\u120d\u12cd\u1290\u1271 \u1265\u121d\u130d\u120b\u133d \u1295 \u12a3\u1276 \u1203\u1265\u1276\u121d \u1270\u1235\u134b\u121a\u12ab\u12a4\u120d \u1290\u1272 \u12a3\u1265 \u12a3\u12bc\u1263 \u12dd\u1263\u1203\u120d \u12ad\u133d\u1215\u134d (\u1355\u122e\u1276\u12ae\u120d \u12ad\u1308\u1265\u122d) \u12ed\u12cd\u12a8\u1236\u1365 \u1290\u12de\u121d \u12dd\u1235\u12d5\u1261 \u1290\u1325\u1265\u1273\u1275 \u12cd\u1295 \u12a8\u121d \u12a3\u122d\u12a5\u1235\u1272 \u12e8\u1255\u122d\u1266\u121d\u1365\u1365<\/span><\/p>\n<ol>\n<li><span style=\"color: #0000ff;\">\u1218\u130d\u1208\u133a \u1293\u12ed\u1273 \u121b\u1215\u1260\u122d \u1215\u130d\u1273\u1275\u1295 \u1265\u12db\u12d5\u1263 \u12f5\u121d\u133a \u12a3\u12cb\u1203\u1205\u1263\u1295<\/span><\/li>\n<li><span style=\"color: #0000ff;\">\u121d\u122d\u132b \u1293\u12ed \u12a3\u121d\u1228\u133d\u1272<\/span><\/li>\n<li><span style=\"color: #0000ff;\">\u121d\u122d\u132b \u1293\u12ed \u123d\u121b\u130d\u1208\u1295 \u1293\u12ed \u1270\u1213\u12da \u1308\u1295\u12d8\u1265\u1295 \u1295\u1265\u1228\u1275\u1295 \u1270\u1246\u133b\u1338\u122d\u1272<\/span><\/li>\n<\/ol>\n<p><span style=\"color: #0000ff;\">\u1265 \u1218\u122b\u1212 \u12a3\u12bc\u1263 \u1290\u1272 \u12f5\u122e \u1290\u1276\u121d \u12a3\u12bc\u1260\u129b\u1273\u1275 \u1270\u12cb\u1202\u1261\u12ce\u121d \u12d8\u120e \u1293\u12ed \u121b\u1215\u1260\u122d \u1215\u130a \u1218\u130d\u1208\u133a \u1270\u12cb\u1202\u1261\u12ce\u1365\u1365 \u12dd\u1255\u12e8\u122d\u1295 \u12dd\u12cd\u1230\u12bd\u1295 \u1260\u1276\u121d \u1293\u12ed \u12a3\u12bc\u1263 \u1270\u12bb\u1348\u120d\u1272 \u12dd\u1270\u12cb\u1205\u1260 \u1213\u1233\u1263\u1275 \u1270\u12db\u12da\u1219\u1365\u1365<\/span><\/p>\n<p><span style=\"color: #0000ff;\">\u12a5\u1272 \u1293\u12ed \u1215\u130a \u121d\u1275\u12d5\u122d\u122b\u12ed \u1260\u1276\u121d \u1293\u12ed \u12a3\u12bc\u1263 \u1270\u12bb\u1348\u120d\u1272 \u1265\u1213\u12f0 \u12f5\u121d\u133a \u1265\u121d\u1235\u121d\u121b\u12d5 \u12ed\u12cd\u1230\u1295\u1365\u1365<\/span><\/p>\n<p><span style=\"color: #0000ff;\">\u12ab\u1265\u12da \u12a3\u1275\u1212\u12d9 \u12a5\u1273 \u121b\u1215\u1260\u122d \u201e\u121b\u1215\u1260\u1228\u1230\u1265 \u12a4\u122d\u1275\u122b\u12cd\u12eb\u1295 \u1269\u122d\u1235\u1261\u122d\u130d\u1295 \u12a8\u1263\u1262\u12a3\u1295\u201c \u12ad\u1275\u121d\u1235\u1228\u1275 \u12ed\u12cd\u1230\u1295\u1365\u1365<\/span><\/p>\n<p><span style=\"color: #0000ff;\">\u12a8\u121d \u1293\u12ed \u12a3\u121d\u122b\u133a\u1275 \u12a3\u12ab\u120d \u1218\u122b\u1212 \u12a3\u1276 \u12e8\u121b\u1290 \u1218\u12f5\u1203\u1294 \u12a8\u121d\u12a1 \u12cd\u1295 \u1270\u1213\u1263\u1260\u122d\u1271 \u12a3\u1276 \u12a3\u1230\u134b\u12cd \u12d8\u122d\u12a2\u121b\u122d\u12eb\u121d\u1295 \u12a3\u1276 \u121d\u1235\u130d\u1293 \u12a8\u1230\u1270 \u1265\u12f5\u121d\u133a \u12ed\u121d\u1228\u1339\u1365 \u12a3\u1276 \u12e8\u121b\u1290 \u1218\u12f5\u1203\u1294 \u1290\u1276\u121d \u1293\u12ed \u12a3\u12bc\u1263 \u1270\u12bb\u1348\u120d\u1272 \u1295\u123d\u121b\u130d\u1208 \u12dd\u12be\u1291 \u12a3\u1263\u120b\u1275 \u1295\u12bd\u1228\u1255\u1211 \u12ed\u12cd\u12a8\u1236\u121d\u1365\u1365 \u12a5\u1276\u121d \u12dd\u1270\u1228\u1255\u1211 \u1295\u123d\u121b\u130d\u1208 \u12dd\u12be\u1291 \u1215\u1339\u12eb\u1275 \u1295\u12bd\u121d\u1228\u1339 \u1241\u1229\u1263\u1275 \u121d\u12bb\u1296\u121d \u12ed\u1308\u120d\u1339\u1365\u1365<\/span><\/p>\n<p><span style=\"color: #0000ff;\"><strong>\u1293\u12ed<\/strong> <strong>\u123d\u121b\u130d\u1208<\/strong> <strong>\u121d\u122d\u132b\u1365<\/strong><\/span><\/p>\n<ul>\n<li><span style=\"color: #0000ff;\">\u12a3\u1276 <strong>\u1230\u120e\u1219\u1295<\/strong> <strong>\u1203\u12ed\u1209<\/strong> \u12a8\u121d \u12a3\u1266 \u1218\u121d\u1260\u122d \u1265 20 \u12f5\u121d\u133a \u1270\u1218\u122a\u1339<\/span><\/li>\n<li><span style=\"color: #0000ff;\">\u12c8\u12ed\u12d8\u122e <strong>\u1233\u1263<\/strong> <strong>\u1235\u12e9\u121d<\/strong> \u12a8\u121d \u121d\u12ad\u1275\u120d \u12a3\u1266 \u1218\u121d\u1260\u122d \u1265 17 \u12f5\u121d\u133a \u1270\u1218\u122a\u133b<\/span><\/li>\n<li><span style=\"color: #0000ff;\">\u12c8\u12ed\u12d8\u122e <strong>\u12a4\u120d\u1233<\/strong> <strong>\u1260\u122b\u12ba<\/strong> \u12a8\u121d \u1270\u1213\u12da\u1275 \u1308\u1295\u12d8\u1265\u1295 \u1295\u1265\u1228\u1275\u1295 \u1265 29 \u12f5\u121d\u133a \u1270\u1218\u122a\u133b<\/span><\/li>\n<li><span style=\"color: #0000ff;\">\u12a3\u1276 <strong>\u12a3\u12bd\u120a\u1209<\/strong> <strong>\u1218\u1213\u122a<\/strong> \u12a8\u121d \u12cb\u1293 \u133b\u1213\u134a \u1265 30 \u12f5\u121d\u133a \u1270\u1218\u122a\u1339<\/span><\/li>\n<\/ul>\n<p><span style=\"color: #0000ff;\"><strong>\u1293\u12ed<\/strong> <strong>\u1308\u1295\u12d8\u1265<\/strong> <strong>\u1295\u1265\u1228\u1275<\/strong> <strong>\u1270\u1246\u133b\u1338\u122d\u1272<\/strong> <strong>\u121d\u122d\u132b\u1365<\/strong><\/span><\/p>\n<ul>\n<li><span style=\"color: #0000ff;\">\u12a3\u1276 <strong>\u12a4\u134d\u1228\u121d<\/strong> <strong>\u12a3\u121b\u1295\u12a4\u120d<\/strong> \u12a8\u121d \u1240\u12f3\u121b\u12ed \u1270\u1246\u133b\u133b\u122a \u1265 17 \u12f5\u121d\u133a \u1270\u1218\u122a\u1339<\/span><\/li>\n<li><span style=\"color: #0000ff;\">\u12a3\u1276 <strong>\u12a4\u120d\u12eb\u1235<\/strong> <strong>\u1203\u1265\u1270\u121a\u12ab\u12a4\u120d<\/strong> \u1263\u1205\u120d\u1262 \u12a8\u121d \u12ab\u120d\u12a3\u12ed \u1270\u1246\u133b\u133b\u122a \u1265 12 \u12f5\u121d\u133a \u1270\u1218\u122a\u1339<\/span><\/li>\n<\/ul>\n<p><span style=\"color: #0000ff;\">\u12a5\u1276\u121d \u12dd\u1270\u1218\u122d\u1339 \u1293\u12ed \u123d\u121b\u130d\u1208 \u12a3\u1263\u120b\u1275 \u12a5\u1272 \u121d\u122d\u132b \u1270\u1250\u1262\u120e\u121e<\/span><\/p>\n<p><span style=\"color: #0000ff;\">\u12a5\u1272 \u12a3\u1266 \u1218\u121d\u1260\u122d \u12a3\u1276 \u1230\u120e\u1219\u1295 \u1203\u12ed\u1209 \u1290\u1272 \u1293\u12ed \u12dd\u1218\u133d\u12a5 \u1293\u12ed \u12a3\u12bc\u1263 \u1218\u122a\u1215\u1290\u1275 \u1213\u120b\u134d\u1290\u1275 \u12ed\u1255\u1260\u120d<\/span><\/p>\n<p><span style=\"color: #0000ff;\">\u12a5\u12da \u1293\u12ed \u121b\u1215\u1260\u122d \u121d\u121d\u1235\u122b\u1275 \u1230\u12d3\u1275 13 \u1300\u121a\u1229 \u1230\u12d3\u1275 17 \u1270\u12d3\u133d\u12e9<\/span><\/p>\n<p>&nbsp;<\/p>\n<p><span style=\"color: #0000ff;\">\u1269\u122d\u1235\u1261\u122d\u130d, 12.03.2016<\/span><\/p>\n<p>&nbsp;<\/p>\n<p><span style=\"color: #0000ff;\">\u1203\u1265\u1276\u121d \u1270\u1235\u134b\u121a\u12ab\u12a4\u120d\u00a0 \u00a0 \u00a0 \u00a0 \u00a0 \u00a0 \u00a0 \u00a0 \u00a0 \u00a0 \u00a0 \u00a0 \u00a0 \u00a0 \u00a0 \u00a0 \u00a0 \u00a0 \u00a0 \u00a0 \u00a0 \u00a0 \u00a0 \u00a0 \u00a0 \u00a0 \u00a0 \u12a3\u12bd\u120a\u1209 \u1218\u1213\u122a<\/span><\/p>\n<p><span style=\"color: #0000ff;\">(\u1293\u12ed \u1355\u122e\u1276\u12ae\u120d \u133b\u1213\u134b\u12ed) \u00a0\u00a0\u00a0\u00a0\u00a0\u00a0\u00a0\u00a0\u00a0\u00a0\u00a0\u00a0\u00a0\u00a0\u00a0\u00a0\u00a0\u00a0\u00a0\u00a0\u00a0\u00a0\u00a0\u00a0\u00a0\u00a0\u00a0\u00a0\u00a0\u00a0\u00a0\u00a0\u00a0\u00a0\u00a0\u00a0\u00a0\u00a0\u00a0\u00a0\u00a0\u00a0\u00a0\u00a0\u00a0\u00a0\u00a0\u00a0\u00a0\u00a0\u00a0\u00a0\u00a0 (\u1293\u12ed \u12a3\u12bc\u1263 \u1218\u122b\u1212)<\/span><\/p>\n","protected":false},"excerpt":{"rendered":"<p>Protokoll der Gr\u00fcndungsversammlung des Vereins \u201eEritreischer Verein in W\u00fcrzburg und Umgebung e.V.\u201c Am 12.03.2016 fanden sich die in der Mitgliederliste aufgef\u00fchrten 35 Personen ein, um \u00fcber die Gr\u00fcndung des Vereins \u201eEritreischer Verein in W\u00fcrzburg und Umgebung e.V.\u201c zu beschlie\u00dfen. Von den aufgef\u00fchrten Personen besitzen alle das Stimmrecht. Herr Aklilu Mehari er\u00f6ffnete die Versammlung. Er begr\u00fc\u00dfte &hellip; <a href=\"http:\/\/mahbereseb-wuerzburg.de\/index.php\/grundungsprotokoll\/\" class=\"more-link\">Continue reading <span class=\"screen-reader-text\">Gr\u00fcndungprotokoll &#8211;  \u121d\u121d\u1235\u122b\u1275 \u121b\u1215\u1260\u122d \u133d\u1211\u134d<\/span> <span class=\"meta-nav\">&rarr;<\/span><\/a><\/p>\n","protected":false},"author":1,"featured_media":0,"parent":0,"menu_order":6,"comment_status":"closed","ping_status":"closed","template":"","meta":[],"_links":{"self":[{"href":"http:\/\/mahbereseb-wuerzburg.de\/index.php\/wp-json\/wp\/v2\/pages\/132"}],"collection":[{"href":"http:\/\/mahbereseb-wuerzburg.de\/index.php\/wp-json\/wp\/v2\/pages"}],"about":[{"href":"http:\/\/mahbereseb-wuerzburg.de\/index.php\/wp-json\/wp\/v2\/types\/page"}],"author":[{"embeddable":true,"href":"http:\/\/mahbereseb-wuerzburg.de\/index.php\/wp-json\/wp\/v2\/users\/1"}],"replies":[{"embeddable":true,"href":"http:\/\/mahbereseb-wuerzburg.de\/index.php\/wp-json\/wp\/v2\/comments?post=132"}],"version-history":[{"count":9,"href":"http:\/\/mahbereseb-wuerzburg.de\/index.php\/wp-json\/wp\/v2\/pages\/132\/revisions"}],"predecessor-version":[{"id":299,"href":"http:\/\/mahbereseb-wuerzburg.de\/index.php\/wp-json\/wp\/v2\/pages\/132\/revisions\/299"}],"wp:attachment":[{"href":"http:\/\/mahbereseb-wuerzburg.de\/index.php\/wp-json\/wp\/v2\/media?parent=132"}],"curies":[{"name":"wp","href":"https:\/\/api.w.org\/{rel}","templated":true}]}}