{"id":289,"date":"2016-09-06T15:50:23","date_gmt":"2016-09-06T13:50:23","guid":{"rendered":"http:\/\/mahbereseb-wuerzburg.de\/?page_id=289"},"modified":"2020-03-11T11:26:26","modified_gmt":"2020-03-11T10:26:26","slug":"spenden","status":"publish","type":"page","link":"http:\/\/mahbereseb-wuerzburg.de\/index.php\/spenden\/","title":{"rendered":"Spenden &#8211; \u1213\u1308\u12dd"},"content":{"rendered":"<p><span style=\"color: #0000ff;\">Spenden dienen der Neuanschaffung oder Umr\u00fcstung von Schulmaterialien, Sportausr\u00fcstungen, Musikinstrumente und anderen Arbeitsmaterialien sowie zur Erweiterung unseres Angebots. Darunter sind zuk\u00fcnftige soziale und kulturelle Aktivit\u00e4ten, schulische Aktivit\u00e4ten (Nachhilfen, Deutsch-, Eritreisch-, und Computerkurse), Sportveranstaltungen zu verstehen.<\/span><\/p>\n<p><span style=\"color: #0000ff;\">Unser Verein \u201eEritreischer Verein in W\u00fcrzburg und Umgebung e.V.\u201c bzw. in Tigrinya &#8220;Mahbereseb eritrawyan ab W\u00fcrzburgn kebabiaan, \u121b\u1215\u1260\u1228\u1230\u1265 \u12a4\u122d\u1275\u122b\u12cd\u12eb\u1295 \u12a3\u1265 \u1269\u122d\u1275\u1235\u1261\u122d\u130d\u1295 \u12a8\u1263\u1262\u12a3\u1295&#8221; wurde im Februar 2016 gegrundet und am 21. September 2016 unter der Nr. 201015 in das Vereinsregister beim Amtsgericht W\u00fcrzburg eingetragen.\u00a0<span style=\"font-family: Arial, Helvetica;\">Der Verein ist auch mit Bescheid vom Finanzamt W\u00fcrzburg 257\/108\/11124 als gemeinn\u00fctzig im Sinne der \u00a7\u00a7 51, 59, 60 und 61 AO anerkannt.<\/span><\/span><\/p>\n<p><strong><span style=\"color: #0000ff;\">Spendenkonto:<\/span><\/strong><br \/>\n<span style=\"color: #0000ff;\">Sparkasse Mainfranken W\u00fcrzburg<\/span><br \/>\n<span style=\"color: #0000ff;\">IBAN: DE 30 79050000 0048266316, BIC: BYLADEM1SWU<\/span><br \/>\n<span style=\"color: #0000ff;\">Verwendungszweck: &#8220;Spende&#8221;<\/span><\/p>\n<p><span style=\"color: #0000ff;\">Bei Spenden von mehr als 100 \u20ac\u00a0wird Ihnen eine Spendenbescheinigung zugesandt.<\/span><\/p>\n","protected":false},"excerpt":{"rendered":"<p>Spenden dienen der Neuanschaffung oder Umr\u00fcstung von Schulmaterialien, Sportausr\u00fcstungen, Musikinstrumente und anderen Arbeitsmaterialien sowie zur Erweiterung unseres Angebots. Darunter sind zuk\u00fcnftige soziale und kulturelle Aktivit\u00e4ten, schulische Aktivit\u00e4ten (Nachhilfen, Deutsch-, Eritreisch-, und Computerkurse), Sportveranstaltungen zu verstehen. Unser Verein \u201eEritreischer Verein in W\u00fcrzburg und Umgebung e.V.\u201c bzw. in Tigrinya &#8220;Mahbereseb eritrawyan ab W\u00fcrzburgn kebabiaan, \u121b\u1215\u1260\u1228\u1230\u1265 \u12a4\u122d\u1275\u122b\u12cd\u12eb\u1295 \u12a3\u1265 &hellip; <a href=\"http:\/\/mahbereseb-wuerzburg.de\/index.php\/spenden\/\" class=\"more-link\">Continue reading <span class=\"screen-reader-text\">Spenden &#8211; \u1213\u1308\u12dd<\/span> <span class=\"meta-nav\">&rarr;<\/span><\/a><\/p>\n","protected":false},"author":1,"featured_media":0,"parent":0,"menu_order":16,"comment_status":"closed","ping_status":"closed","template":"","meta":[],"_links":{"self":[{"href":"http:\/\/mahbereseb-wuerzburg.de\/index.php\/wp-json\/wp\/v2\/pages\/289"}],"collection":[{"href":"http:\/\/mahbereseb-wuerzburg.de\/index.php\/wp-json\/wp\/v2\/pages"}],"about":[{"href":"http:\/\/mahbereseb-wuerzburg.de\/index.php\/wp-json\/wp\/v2\/types\/page"}],"author":[{"embeddable":true,"href":"http:\/\/mahbereseb-wuerzburg.de\/index.php\/wp-json\/wp\/v2\/users\/1"}],"replies":[{"embeddable":true,"href":"http:\/\/mahbereseb-wuerzburg.de\/index.php\/wp-json\/wp\/v2\/comments?post=289"}],"version-history":[{"count":10,"href":"http:\/\/mahbereseb-wuerzburg.de\/index.php\/wp-json\/wp\/v2\/pages\/289\/revisions"}],"predecessor-version":[{"id":627,"href":"http:\/\/mahbereseb-wuerzburg.de\/index.php\/wp-json\/wp\/v2\/pages\/289\/revisions\/627"}],"wp:attachment":[{"href":"http:\/\/mahbereseb-wuerzburg.de\/index.php\/wp-json\/wp\/v2\/media?parent=289"}],"curies":[{"name":"wp","href":"https:\/\/api.w.org\/{rel}","templated":true}]}}