{"id":368,"date":"2016-12-02T17:02:53","date_gmt":"2016-12-02T16:02:53","guid":{"rendered":"http:\/\/mahbereseb-wuerzburg.de\/?page_id=368"},"modified":"2019-07-28T21:32:36","modified_gmt":"2019-07-28T19:32:36","slug":"eritreischer-klub","status":"publish","type":"page","link":"http:\/\/mahbereseb-wuerzburg.de\/index.php\/eritreischer-klub\/","title":{"rendered":"Samstagstreff &#8211; \u1293\u12ed \u1240\u12f3\u121d \u122d\u12ad\u1265\u1293"},"content":{"rendered":"<p style=\"text-align: left;\"><span style=\"color: #0000ff;\">Jeden Samstag ab 14 Uhr treffen sich\u00a0<span class=\"highlight\">die Mitglieder<\/span>\u00a0zum Billiard-, Kicker- und Tischtennisspielen, und Musik- und Fitnesstraining im Jugendzentrum Zellerau:\u00a0<\/span><\/p>\n<p style=\"text-align: center;\"><span style=\"color: #0000ff;\">Jugendzentrum Zellerau (JuZ)<\/span><br \/>\n<span style=\"color: #0000ff;\">Wei\u00dfenburgstra\u00dfe 43<\/span><br \/>\n<span style=\"color: #0000ff;\">97082 W\u00fcrzburg<\/span><\/p>\n<p><span style=\"color: #0000ff;\">Das Jugendzentrum Zellerau erreicht Ihr mit der Stra\u00dfenbahn Linien 2 und 4. Ihr steigt ein am Hauptbahnhof oder an der Haltestelle Juliuspromenade und fahrt bis zu der Haltestelle \u201cDJK -Sportzentrum\u201d, N\u00e4he Rewe Supermarkt.<\/span><\/p>\n<p><span style=\"color: #0000ff;\">\u1293\u1265 \u12e9\u1308\u1295\u12f5\u1230\u1295\u1275\u1229\u121d \u1230\u1208\u122b\u12cd \u12ad\u1275\u1218\u1339\u1363 \u12a3\u1265 \u1263\u1205\u1295\u1206\u134d \u12c8\u12ed \u12ab\u12a3 \u12e9\u120a\u12e9\u1235\u1355\u122e\u1218\u1293\u12f0 \u123d\u1275\u122b\u1230\u1295\u1263\u1205\u1295 \u1241\u133d\u122a 2 \u12c8\u12ed 4 \u1270\u1230\u1252\u120d\u12a9\u121d \u12a3\u1265 \u12f0\u12ee\u1275\u12ab \u123d\u1356\u122d\u1275\u1230\u1295\u1275\u1229\u121d \u1325\u1253 \u1228\u1268 \u12d9\u1350\u122d\u121b\u122d\u12ad\u1275\u00a0\u1275\u12c8\u122d\u12f1\u1362<\/span><\/p>\n<p>&nbsp;<\/p>\n","protected":false},"excerpt":{"rendered":"<p>Jeden Samstag ab 14 Uhr treffen sich\u00a0die Mitglieder\u00a0zum Billiard-, Kicker- und Tischtennisspielen, und Musik- und Fitnesstraining im Jugendzentrum Zellerau:\u00a0 Jugendzentrum Zellerau (JuZ) Wei\u00dfenburgstra\u00dfe 43 97082 W\u00fcrzburg Das Jugendzentrum Zellerau erreicht Ihr mit der Stra\u00dfenbahn Linien 2 und 4. Ihr steigt ein am Hauptbahnhof oder an der Haltestelle Juliuspromenade und fahrt bis zu der Haltestelle \u201cDJK &hellip; <a href=\"http:\/\/mahbereseb-wuerzburg.de\/index.php\/eritreischer-klub\/\" class=\"more-link\">Continue reading <span class=\"screen-reader-text\">Samstagstreff &#8211; \u1293\u12ed \u1240\u12f3\u121d \u122d\u12ad\u1265\u1293<\/span> <span class=\"meta-nav\">&rarr;<\/span><\/a><\/p>\n","protected":false},"author":1,"featured_media":0,"parent":0,"menu_order":12,"comment_status":"closed","ping_status":"closed","template":"","meta":[],"_links":{"self":[{"href":"http:\/\/mahbereseb-wuerzburg.de\/index.php\/wp-json\/wp\/v2\/pages\/368"}],"collection":[{"href":"http:\/\/mahbereseb-wuerzburg.de\/index.php\/wp-json\/wp\/v2\/pages"}],"about":[{"href":"http:\/\/mahbereseb-wuerzburg.de\/index.php\/wp-json\/wp\/v2\/types\/page"}],"author":[{"embeddable":true,"href":"http:\/\/mahbereseb-wuerzburg.de\/index.php\/wp-json\/wp\/v2\/users\/1"}],"replies":[{"embeddable":true,"href":"http:\/\/mahbereseb-wuerzburg.de\/index.php\/wp-json\/wp\/v2\/comments?post=368"}],"version-history":[{"count":15,"href":"http:\/\/mahbereseb-wuerzburg.de\/index.php\/wp-json\/wp\/v2\/pages\/368\/revisions"}],"predecessor-version":[{"id":465,"href":"http:\/\/mahbereseb-wuerzburg.de\/index.php\/wp-json\/wp\/v2\/pages\/368\/revisions\/465"}],"wp:attachment":[{"href":"http:\/\/mahbereseb-wuerzburg.de\/index.php\/wp-json\/wp\/v2\/media?parent=368"}],"curies":[{"name":"wp","href":"https:\/\/api.w.org\/{rel}","templated":true}]}}