{"id":80,"date":"2016-07-06T23:21:50","date_gmt":"2016-07-06T21:21:50","guid":{"rendered":"http:\/\/mahbereseb-wuerzburg.de\/?page_id=80"},"modified":"2023-09-20T18:13:12","modified_gmt":"2023-09-20T16:13:12","slug":"kontakt","status":"publish","type":"page","link":"http:\/\/mahbereseb-wuerzburg.de\/index.php\/kontakt\/","title":{"rendered":"Kontakt &#8211; \u122d\u12ad\u1265"},"content":{"rendered":"<p style=\"text-align: center;\"><span style=\"color: #0000ff;\">Eritreischer Verein in W\u00fcrzburg und Umgebung e.V.<\/span><\/p>\n<p style=\"text-align: center;\"><span style=\"color: #0000ff;\">Treffpunkt\/ \u1295\u122b\u12b8\u1260\u1209:<\/span><br \/>\n<span style=\"color: #0000ff;\">Jeden Samstag ab 14 Uhr<\/span><br \/>\n<span style=\"color: #0000ff;\">\u1240\u12f3\u121d \u1240\u12f3\u121d \u12ab\u1265 \u1230\u12d3\u1275 14<\/span><br \/>\n<span style=\"color: #0000ff;\">Jugendzentrum Zellerau (JuZ)<\/span><br \/>\n<span style=\"color: #0000ff;\">Wei\u00dfenburgstra\u00dfe 43<\/span><br \/>\n<span style=\"color: #0000ff;\">97082 W\u00fcrzburg<\/span><\/p>\n<p><span style=\"color: #0000ff;\">Das Jugendzentrum Zellerau erreicht Ihr mit der Stra\u00dfenbahn Linien 2 und 4. Ihr steigt ein am Hauptbahnhof oder an der Haltestelle Juliuspromenade und fahrt bis zu der Haltestelle \u201cDJK -Sportzentrum\u201d, N\u00e4he Rewe Supermarkt.<\/span><\/p>\n<p><span style=\"color: #0000ff;\">\u1293\u1265 \u12e9\u1308\u1295\u12f5\u1230\u1295\u1275\u1229\u121d \u1230\u1208\u122b\u12cd \u12ad\u1275\u1218\u1339\u1363 \u12a3\u1265 \u1263\u1205\u1295\u1206\u134d \u12c8\u12ed \u12ab\u12a3 \u12e9\u120a\u12e9\u1235\u1355\u122e\u1218\u1293\u12f0 \u123d\u1275\u122b\u1230\u1295\u1263\u1205\u1295 \u1241\u133d\u122a 2 \u12c8\u12ed 4 \u1270\u1230\u1252\u120d\u12a9\u121d \u12a3\u1265 \u12f0\u12ee\u1275\u12ab \u123d\u1356\u122d\u1275\u1230\u1295\u1275\u1229\u121d \u1325\u1253 \u1228\u1268 \u12d9\u1350\u122d\u121b\u122d\u12ad\u1275\u00a0\u1275\u12c8\u122d\u12f1\u1362<\/span><\/p>\n<p>&nbsp;<\/p>\n<p style=\"text-align: center;\"><strong><span style=\"color: #0000ff;\">Aklilu Mehari<\/span><\/strong><br \/>\n<strong><span style=\"color: #0000ff;\">Theaterstrasse 24<\/span><\/strong><br \/>\n<strong><span style=\"color: #0000ff;\">97070 W\u00fcrzburg<\/span><\/strong><br \/>\n<strong><span style=\"color: #0000ff;\">Tel: 017645790128<\/span><\/strong><br \/>\n<strong><span style=\"color: #0000ff;\">E-Mail: akkiam2003@yahoo.com<\/span><\/strong><br \/>\n<strong><span style=\"color: #0000ff;\">Web: mahbereseb-wuerzburg.de<\/span><\/strong><\/p>\n<p style=\"text-align: center;\">\n<h5 style=\"text-align: center;\"><\/h5>\n<h5 style=\"text-align: center;\">\u00a0<strong><span style=\"color: #0000ff;\">Alem Tesfamichael<\/span><\/strong><br \/>\n<strong><span style=\"color: #0000ff;\">Schlesier Str. 17<\/span><\/strong><br \/>\n<strong><span style=\"color: #0000ff;\">97816 Lohr am Main<\/span><\/strong><br \/>\n<strong><span style=\"color: #0000ff;\">Tel:\u00a0017655287574<\/span><\/strong><br \/>\n<strong><span style=\"color: #0000ff;\">E-Mail: alem.tes211@gmail.com<\/span><\/strong><br \/>\n<strong><span style=\"color: #0000ff;\">Web: mahbereseb-wuerzburg.de<\/span><\/strong><\/h5>\n<p>&nbsp;<\/p>\n<p>&nbsp;<\/p>\n<p>&nbsp;<\/p>\n<p style=\"text-align: center;\"><!--more--><\/p>\n","protected":false},"excerpt":{"rendered":"<p>Eritreischer Verein in W\u00fcrzburg und Umgebung e.V. Treffpunkt\/ \u1295\u122b\u12b8\u1260\u1209: Jeden Samstag ab 14 Uhr \u1240\u12f3\u121d \u1240\u12f3\u121d \u12ab\u1265 \u1230\u12d3\u1275 14 Jugendzentrum Zellerau (JuZ) Wei\u00dfenburgstra\u00dfe 43 97082 W\u00fcrzburg Das Jugendzentrum Zellerau erreicht Ihr mit der Stra\u00dfenbahn Linien 2 und 4. Ihr steigt ein am Hauptbahnhof oder an der Haltestelle Juliuspromenade und fahrt bis zu der Haltestelle \u201cDJK &hellip; <a href=\"http:\/\/mahbereseb-wuerzburg.de\/index.php\/kontakt\/\" class=\"more-link\">Continue reading <span class=\"screen-reader-text\">Kontakt &#8211; \u122d\u12ad\u1265<\/span> <span class=\"meta-nav\">&rarr;<\/span><\/a><\/p>\n","protected":false},"author":1,"featured_media":0,"parent":0,"menu_order":20,"comment_status":"closed","ping_status":"closed","template":"","meta":[],"_links":{"self":[{"href":"http:\/\/mahbereseb-wuerzburg.de\/index.php\/wp-json\/wp\/v2\/pages\/80"}],"collection":[{"href":"http:\/\/mahbereseb-wuerzburg.de\/index.php\/wp-json\/wp\/v2\/pages"}],"about":[{"href":"http:\/\/mahbereseb-wuerzburg.de\/index.php\/wp-json\/wp\/v2\/types\/page"}],"author":[{"embeddable":true,"href":"http:\/\/mahbereseb-wuerzburg.de\/index.php\/wp-json\/wp\/v2\/users\/1"}],"replies":[{"embeddable":true,"href":"http:\/\/mahbereseb-wuerzburg.de\/index.php\/wp-json\/wp\/v2\/comments?post=80"}],"version-history":[{"count":10,"href":"http:\/\/mahbereseb-wuerzburg.de\/index.php\/wp-json\/wp\/v2\/pages\/80\/revisions"}],"predecessor-version":[{"id":739,"href":"http:\/\/mahbereseb-wuerzburg.de\/index.php\/wp-json\/wp\/v2\/pages\/80\/revisions\/739"}],"wp:attachment":[{"href":"http:\/\/mahbereseb-wuerzburg.de\/index.php\/wp-json\/wp\/v2\/media?parent=80"}],"curies":[{"name":"wp","href":"https:\/\/api.w.org\/{rel}","templated":true}]}}