{"id":84,"date":"2016-07-06T23:48:07","date_gmt":"2016-07-06T21:48:07","guid":{"rendered":"http:\/\/mahbereseb-wuerzburg.de\/?page_id=84"},"modified":"2019-07-28T21:32:12","modified_gmt":"2019-07-28T19:32:12","slug":"schule","status":"publish","type":"page","link":"http:\/\/mahbereseb-wuerzburg.de\/index.php\/schule\/","title":{"rendered":"Schule &#8211; \u1275\u121d\u1205\u122d\u1272"},"content":{"rendered":"<p><span style=\"color: #0000ff;\">Tigrinya Unterricht: Samstags von 14 bis 16 Uhr<\/span><br \/>\n<span style=\"color: #0000ff;\">Deutsch Nachhilfe\/Unterricht: Samstags von 18 bis 20 Uhr<\/span><\/p>\n<p><span style=\"color: #0000ff;\">\u1275\u121d\u1205\u122d\u1272 \u1275\u130d\u122d\u129b: \u1240\u12f3\u121d \u1240\u12f3\u121d \u12ab\u1265 \u1230\u12d3\u1275 14 \u12ad\u1233\u1265\u00a0\u1230\u12d3\u1275 16<\/span><br \/>\n<span style=\"color: #0000ff;\">\u1275\u121d\u1205\u122d\u1272\u00a0\u124b\u1295\u124b\u00a0\u1300\u122d\u1218\u1295: \u1240\u12f3\u121d\u00a0\u1240\u12f3\u121d \u12ab\u1265 \u1230\u12d3\u1275 18 \u12ad\u1233\u1265\u00a0\u1230\u12d3\u1275 20<\/span><\/p>\n<p><span style=\"color: #0000ff;\">Unterrichtsraum\/ \u1293\u12ed \u1275\u121d\u1205\u122d\u1272 \u12ad\u120b\u1235:<\/span><br \/>\n<span style=\"color: #0000ff;\">Jugendzentrum Zellerau (JuZ)<\/span><br \/>\n<span style=\"color: #0000ff;\">Wei\u00dfenburgstra\u00dfe 43<\/span><br \/>\n<span style=\"color: #0000ff;\">97082 W\u00fcrzburg<br \/>\n<\/span><\/p>\n<p><span style=\"color: #0000ff;\">Das Jugendzentrum Zellerau erreicht Ihr mit der Stra\u00dfenbahn Linien 2 und 4. Ihr steigt ein am Hauptbahnhof oder an der Haltestelle Juliuspromenade und fahrt bis zu der Haltestelle &#8220;DJK -Sportzentrum&#8221;, N\u00e4he Rewe Supermarkt.<\/span><\/p>\n<p><span style=\"color: #0000ff;\">\u1293\u1265 \u12e9\u1308\u1295\u12f5\u1230\u1295\u1275\u1229\u121d \u1230\u1208\u122b\u12cd \u12ad\u1275\u1218\u1339\u1363 \u12a3\u1265 \u1263\u1205\u1295\u1206\u134d \u12c8\u12ed \u12ab\u12a3 \u12e9\u120a\u12e9\u1235\u1355\u122e\u1218\u1293\u12f0 \u123d\u1275\u122b\u1230\u1295\u1263\u1205\u1295 \u1241\u133d\u122a 2 \u12c8\u12ed 4 \u1270\u1230\u1252\u120d\u12a9\u121d \u12a3\u1265 \u12f0\u12ee\u1275\u12ab \u123d\u1356\u122d\u1275\u1230\u1295\u1275\u1229\u121d \u1325\u1253 \u1228\u1268 \u12d9\u1350\u122d\u121b\u122d\u12ad\u1275\u00a0\u1275\u12c8\u122d\u12f1\u1362<\/span><\/p>\n<p><span style=\"color: #0000ff;\">Kontakt:\u00a0Aklilu Mehari \u00a0Tel. 017645790128<\/span><\/p>\n","protected":false},"excerpt":{"rendered":"<p>Tigrinya Unterricht: Samstags von 14 bis 16 Uhr Deutsch Nachhilfe\/Unterricht: Samstags von 18 bis 20 Uhr \u1275\u121d\u1205\u122d\u1272 \u1275\u130d\u122d\u129b: \u1240\u12f3\u121d \u1240\u12f3\u121d \u12ab\u1265 \u1230\u12d3\u1275 14 \u12ad\u1233\u1265\u00a0\u1230\u12d3\u1275 16 \u1275\u121d\u1205\u122d\u1272\u00a0\u124b\u1295\u124b\u00a0\u1300\u122d\u1218\u1295: \u1240\u12f3\u121d\u00a0\u1240\u12f3\u121d \u12ab\u1265 \u1230\u12d3\u1275 18 \u12ad\u1233\u1265\u00a0\u1230\u12d3\u1275 20 Unterrichtsraum\/ \u1293\u12ed \u1275\u121d\u1205\u122d\u1272 \u12ad\u120b\u1235: Jugendzentrum Zellerau (JuZ) Wei\u00dfenburgstra\u00dfe 43 97082 W\u00fcrzburg Das Jugendzentrum Zellerau erreicht Ihr mit der Stra\u00dfenbahn Linien 2 und 4. &hellip; <a href=\"http:\/\/mahbereseb-wuerzburg.de\/index.php\/schule\/\" class=\"more-link\">Continue reading <span class=\"screen-reader-text\">Schule &#8211; \u1275\u121d\u1205\u122d\u1272<\/span> <span class=\"meta-nav\">&rarr;<\/span><\/a><\/p>\n","protected":false},"author":1,"featured_media":0,"parent":0,"menu_order":9,"comment_status":"closed","ping_status":"closed","template":"","meta":[],"_links":{"self":[{"href":"http:\/\/mahbereseb-wuerzburg.de\/index.php\/wp-json\/wp\/v2\/pages\/84"}],"collection":[{"href":"http:\/\/mahbereseb-wuerzburg.de\/index.php\/wp-json\/wp\/v2\/pages"}],"about":[{"href":"http:\/\/mahbereseb-wuerzburg.de\/index.php\/wp-json\/wp\/v2\/types\/page"}],"author":[{"embeddable":true,"href":"http:\/\/mahbereseb-wuerzburg.de\/index.php\/wp-json\/wp\/v2\/users\/1"}],"replies":[{"embeddable":true,"href":"http:\/\/mahbereseb-wuerzburg.de\/index.php\/wp-json\/wp\/v2\/comments?post=84"}],"version-history":[{"count":16,"href":"http:\/\/mahbereseb-wuerzburg.de\/index.php\/wp-json\/wp\/v2\/pages\/84\/revisions"}],"predecessor-version":[{"id":441,"href":"http:\/\/mahbereseb-wuerzburg.de\/index.php\/wp-json\/wp\/v2\/pages\/84\/revisions\/441"}],"wp:attachment":[{"href":"http:\/\/mahbereseb-wuerzburg.de\/index.php\/wp-json\/wp\/v2\/media?parent=84"}],"curies":[{"name":"wp","href":"https:\/\/api.w.org\/{rel}","templated":true}]}}